{"id":1655,"date":"2025-08-01T10:11:31","date_gmt":"2025-08-01T10:11:31","guid":{"rendered":"https:\/\/mont-saint-michel-tours.com\/a-propos-de-nous\/"},"modified":"2026-01-19T15:08:43","modified_gmt":"2026-01-19T15:08:43","slug":"a-propos-de-nous","status":"publish","type":"page","link":"https:\/\/mont-saint-michel-tours.com\/fr\/a-propos-de-nous\/","title":{"rendered":"A propos de nous"},"content":{"rendered":"\t\t<div data-elementor-type=\"wp-page\" data-elementor-id=\"1655\" class=\"elementor elementor-1655 elementor-927\" data-elementor-post-type=\"page\">\n\t\t\t\t<div class=\"elementor-element elementor-element-467aea7d e-flex e-con-boxed e-con e-parent\" data-id=\"467aea7d\" data-element_type=\"container\" data-e-type=\"container\">\n\t\t\t\t\t<div class=\"e-con-inner\">\n\t\t\t\t<div class=\"elementor-element elementor-element-2bcdab6c elementor-widget elementor-widget-shortcode\" data-id=\"2bcdab6c\" data-element_type=\"widget\" data-e-type=\"widget\" data-widget_type=\"shortcode.default\">\n\t\t\t\t\t\t\t<div class=\"elementor-shortcode\"><nav aria-label=\"breadcrumbs\" class=\"rank-math-breadcrumb\"><p><span class=\"last\">Home<\/span><\/p><\/nav><\/div>\n\t\t\t\t\t\t<\/div>\n\t\t\t\t\t<\/div>\n\t\t\t\t<\/div>\n\t\t<div class=\"elementor-element elementor-element-5eb531e1 e-flex e-con-boxed e-con e-parent\" data-id=\"5eb531e1\" data-element_type=\"container\" data-e-type=\"container\">\n\t\t\t\t\t<div class=\"e-con-inner\">\n\t\t<div class=\"elementor-element elementor-element-2d4851ca e-con-full e-flex e-con e-child\" data-id=\"2d4851ca\" data-element_type=\"container\" data-e-type=\"container\" data-settings=\"{&quot;background_background&quot;:&quot;classic&quot;}\">\n\t\t\t\t<div class=\"elementor-element elementor-element-55783e10 elementor-widget elementor-widget-heading\" data-id=\"55783e10\" data-element_type=\"widget\" data-e-type=\"widget\" data-widget_type=\"heading.default\">\n\t\t\t\t\t<h2 class=\"elementor-heading-title elementor-size-default\">A propos de nous\n<\/h2>\t\t\t\t<\/div>\n\t\t\t\t<div class=\"elementor-element elementor-element-3b5b7e3e elementor-widget elementor-widget-text-editor\" data-id=\"3b5b7e3e\" data-element_type=\"widget\" data-e-type=\"widget\" data-widget_type=\"text-editor.default\">\n\t\t\t\t\t\t\t\t\t<p><b>Mont Saint-Michel Tours<\/b><span style=\"font-weight: 400;\"> est g\u00e9r\u00e9 par <\/span><i><span style=\"font-weight: 400;\">The Parisian Guide, <\/span><\/i><span style=\"font-weight: 400;\">une agence de voyage fran\u00e7aise sp\u00e9cialis\u00e9e dans l&rsquo;organisation d&rsquo;exp\u00e9riences \u00e0 Paris et en r\u00e9gion parisienne. Notre objectif est simple : permettre aux voyageurs d&rsquo;explorer facilement la beaut\u00e9 du Mont Saint-Michel.<\/span><\/p><p><span style=\"font-weight: 400;\">Nous vous fournissons des informations pratiques, des conseils d&rsquo;experts et des options de visite tri\u00e9es sur le volet pour vous aider \u00e0 tirer le meilleur parti de votre visite au Mont Saint-Michel. Que vous voyagiez pour la premi\u00e8re fois ou que vous soyez un francophile chevronn\u00e9, nous sommes l\u00e0 pour vous guider \u00e0 chaque \u00e9tape. <\/span><\/p><p><b>Le Guide Parisien<\/b><span style=\"font-weight: 400;\"> est une soci\u00e9t\u00e9 enregistr\u00e9e en France (SIRET : 941 079 717 00018). Notre si\u00e8ge social est situ\u00e9 au 75 Boulevard Charles Livon, 13007 Marseille, France.<\/span><\/p><p><span style=\"font-weight: 400;\">Vous avez des questions ? N&rsquo;h\u00e9sitez pas \u00e0 nous contacter.  <\/span><\/p><p>\u2709\ufe0f hello@theparisianguide.com<\/p>\t\t\t\t\t\t\t\t<\/div>\n\t\t\t\t<\/div>\n\t\t\t\t\t<\/div>\n\t\t\t\t<\/div>\n\t\t\t\t<\/div>\n\t\t","protected":false},"excerpt":{"rendered":"<p>A propos de nous Mont Saint-Michel Tours est g\u00e9r\u00e9 par The Parisian Guide, une agence de voyage fran\u00e7aise sp\u00e9cialis\u00e9e dans l&rsquo;organisation d&rsquo;exp\u00e9riences \u00e0 Paris et en r\u00e9gion parisienne. Notre objectif est simple : permettre aux voyageurs d&rsquo;explorer facilement la beaut\u00e9 du Mont Saint-Michel. Nous vous fournissons des informations pratiques, des conseils d&rsquo;experts et des options [&hellip;]<\/p>\n","protected":false},"author":1,"featured_media":0,"parent":0,"menu_order":0,"comment_status":"closed","ping_status":"closed","template":"elementor_header_footer","meta":{"_acf_changed":false,"footnotes":""},"class_list":["post-1655","page","type-page","status-publish","hentry"],"acf":[],"_links":{"self":[{"href":"https:\/\/mont-saint-michel-tours.com\/fr\/wp-json\/wp\/v2\/pages\/1655","targetHints":{"allow":["GET"]}}],"collection":[{"href":"https:\/\/mont-saint-michel-tours.com\/fr\/wp-json\/wp\/v2\/pages"}],"about":[{"href":"https:\/\/mont-saint-michel-tours.com\/fr\/wp-json\/wp\/v2\/types\/page"}],"author":[{"embeddable":true,"href":"https:\/\/mont-saint-michel-tours.com\/fr\/wp-json\/wp\/v2\/users\/1"}],"replies":[{"embeddable":true,"href":"https:\/\/mont-saint-michel-tours.com\/fr\/wp-json\/wp\/v2\/comments?post=1655"}],"version-history":[{"count":1,"href":"https:\/\/mont-saint-michel-tours.com\/fr\/wp-json\/wp\/v2\/pages\/1655\/revisions"}],"predecessor-version":[{"id":1656,"href":"https:\/\/mont-saint-michel-tours.com\/fr\/wp-json\/wp\/v2\/pages\/1655\/revisions\/1656"}],"wp:attachment":[{"href":"https:\/\/mont-saint-michel-tours.com\/fr\/wp-json\/wp\/v2\/media?parent=1655"}],"curies":[{"name":"wp","href":"https:\/\/api.w.org\/{rel}","templated":true}]}}