{"id":1721,"date":"2025-08-01T10:15:16","date_gmt":"2025-08-01T10:15:16","guid":{"rendered":"https:\/\/mont-saint-michel-tours.com\/contactez-nous\/"},"modified":"2026-01-20T14:16:42","modified_gmt":"2026-01-20T14:16:42","slug":"contactez-nous","status":"publish","type":"page","link":"https:\/\/mont-saint-michel-tours.com\/fr\/contactez-nous\/","title":{"rendered":"Contactez nous"},"content":{"rendered":"\t\t<div data-elementor-type=\"wp-page\" data-elementor-id=\"1721\" class=\"elementor elementor-1721 elementor-932\" data-elementor-post-type=\"page\">\n\t\t\t\t<div class=\"elementor-element elementor-element-3bd384c2 e-flex e-con-boxed e-con e-parent\" data-id=\"3bd384c2\" data-element_type=\"container\" data-e-type=\"container\">\n\t\t\t\t\t<div class=\"e-con-inner\">\n\t\t\t\t<div class=\"elementor-element elementor-element-c39b0e2 elementor-widget elementor-widget-shortcode\" data-id=\"c39b0e2\" data-element_type=\"widget\" data-e-type=\"widget\" data-widget_type=\"shortcode.default\">\n\t\t\t\t\t\t\t<div class=\"elementor-shortcode\"><nav aria-label=\"breadcrumbs\" class=\"rank-math-breadcrumb\"><p><span class=\"last\">Home<\/span><\/p><\/nav><\/div>\n\t\t\t\t\t\t<\/div>\n\t\t\t\t\t<\/div>\n\t\t\t\t<\/div>\n\t\t<div class=\"elementor-element elementor-element-11d3507a e-flex e-con-boxed e-con e-parent\" data-id=\"11d3507a\" data-element_type=\"container\" data-e-type=\"container\">\n\t\t\t\t\t<div class=\"e-con-inner\">\n\t\t<div class=\"elementor-element elementor-element-201f98e3 e-con-full e-flex e-con e-child\" data-id=\"201f98e3\" data-element_type=\"container\" data-e-type=\"container\" data-settings=\"{&quot;background_background&quot;:&quot;classic&quot;}\">\n\t\t\t\t<div class=\"elementor-element elementor-element-7248f625 elementor-widget elementor-widget-heading\" data-id=\"7248f625\" data-element_type=\"widget\" data-e-type=\"widget\" data-widget_type=\"heading.default\">\n\t\t\t\t\t<h2 class=\"elementor-heading-title elementor-size-default\">Contactez nous\n<\/h2>\t\t\t\t<\/div>\n\t\t\t\t<div class=\"elementor-element elementor-element-2918a980 elementor-widget elementor-widget-text-editor\" data-id=\"2918a980\" data-element_type=\"widget\" data-e-type=\"widget\" data-widget_type=\"text-editor.default\">\n\t\t\t\t\t\t\t\t\t<p><span style=\"font-weight: 400;\">Vous avez une question \u00e0 propos de la visite du Mont-Saint-Michel ? Besoin d\u2019aide pour choisir la bonne visite ? Nous sommes l\u00e0 pour vous aider.  <\/span><\/p><p><span style=\"font-weight: 400;\">Vous pouvez nous joindre \u00e0 tout moment \u00e0 :<\/span><\/p><p><span style=\"font-weight: 400;\">\ud83d\udce7 <\/span><b>Email :<\/b><span style=\"font-weight: 400;\"> hello@theparisianguide.com<\/span><\/p><p><span style=\"font-weight: 400;\">Nous faisons de notre mieux pour r\u00e9pondre dans les 24 heures.<\/span><\/p><p><span style=\"font-weight: 400;\">Pour les demandes de presse, partenariats ou opportunit\u00e9s d\u2019affaires, veuillez utiliser le m\u00eame e-mail et inclure \u00ab Demande d\u2019entreprise \u00bb dans l\u2019objet.<\/span><\/p>\t\t\t\t\t\t\t\t<\/div>\n\t\t\t\t<\/div>\n\t\t\t\t\t<\/div>\n\t\t\t\t<\/div>\n\t\t\t\t<\/div>\n\t\t","protected":false},"excerpt":{"rendered":"<p>Contactez nous Vous avez une question \u00e0 propos de la visite du Mont-Saint-Michel ? Besoin d\u2019aide pour choisir la bonne visite ? Nous sommes l\u00e0 pour vous aider. Vous pouvez nous joindre \u00e0 tout moment \u00e0 : \ud83d\udce7 Email : hello@theparisianguide.com Nous faisons de notre mieux pour r\u00e9pondre dans les 24 heures. Pour les demandes [&hellip;]<\/p>\n","protected":false},"author":1,"featured_media":0,"parent":0,"menu_order":0,"comment_status":"closed","ping_status":"closed","template":"elementor_header_footer","meta":{"_acf_changed":false,"footnotes":""},"class_list":["post-1721","page","type-page","status-publish","hentry"],"acf":[],"_links":{"self":[{"href":"https:\/\/mont-saint-michel-tours.com\/fr\/wp-json\/wp\/v2\/pages\/1721","targetHints":{"allow":["GET"]}}],"collection":[{"href":"https:\/\/mont-saint-michel-tours.com\/fr\/wp-json\/wp\/v2\/pages"}],"about":[{"href":"https:\/\/mont-saint-michel-tours.com\/fr\/wp-json\/wp\/v2\/types\/page"}],"author":[{"embeddable":true,"href":"https:\/\/mont-saint-michel-tours.com\/fr\/wp-json\/wp\/v2\/users\/1"}],"replies":[{"embeddable":true,"href":"https:\/\/mont-saint-michel-tours.com\/fr\/wp-json\/wp\/v2\/comments?post=1721"}],"version-history":[{"count":2,"href":"https:\/\/mont-saint-michel-tours.com\/fr\/wp-json\/wp\/v2\/pages\/1721\/revisions"}],"predecessor-version":[{"id":1723,"href":"https:\/\/mont-saint-michel-tours.com\/fr\/wp-json\/wp\/v2\/pages\/1721\/revisions\/1723"}],"wp:attachment":[{"href":"https:\/\/mont-saint-michel-tours.com\/fr\/wp-json\/wp\/v2\/media?parent=1721"}],"curies":[{"name":"wp","href":"https:\/\/api.w.org\/{rel}","templated":true}]}}