{"id":1806,"date":"2025-08-01T10:21:14","date_gmt":"2025-08-01T10:21:14","guid":{"rendered":"https:\/\/mont-saint-michel-tours.com\/politique-des-cookies\/"},"modified":"2026-01-20T13:22:42","modified_gmt":"2026-01-20T13:22:42","slug":"politique-des-cookies","status":"publish","type":"page","link":"https:\/\/mont-saint-michel-tours.com\/fr\/politique-des-cookies\/","title":{"rendered":"Politique des cookies"},"content":{"rendered":"\t\t<div data-elementor-type=\"wp-page\" data-elementor-id=\"1806\" class=\"elementor elementor-1806 elementor-942\" data-elementor-post-type=\"page\">\n\t\t\t\t<div class=\"elementor-element elementor-element-58256cf2 e-flex e-con-boxed e-con e-parent\" data-id=\"58256cf2\" data-element_type=\"container\" data-e-type=\"container\">\n\t\t\t\t\t<div class=\"e-con-inner\">\n\t\t\t\t<div class=\"elementor-element elementor-element-6ab69fe8 elementor-widget elementor-widget-shortcode\" data-id=\"6ab69fe8\" data-element_type=\"widget\" data-e-type=\"widget\" data-widget_type=\"shortcode.default\">\n\t\t\t\t\t\t\t<div class=\"elementor-shortcode\"><nav aria-label=\"breadcrumbs\" class=\"rank-math-breadcrumb\"><p><span class=\"last\">Home<\/span><\/p><\/nav><\/div>\n\t\t\t\t\t\t<\/div>\n\t\t\t\t\t<\/div>\n\t\t\t\t<\/div>\n\t\t<div class=\"elementor-element elementor-element-43a3ea90 e-flex e-con-boxed e-con e-parent\" data-id=\"43a3ea90\" data-element_type=\"container\" data-e-type=\"container\">\n\t\t\t\t\t<div class=\"e-con-inner\">\n\t\t<div class=\"elementor-element elementor-element-176ec885 e-con-full e-flex e-con e-child\" data-id=\"176ec885\" data-element_type=\"container\" data-e-type=\"container\" data-settings=\"{&quot;background_background&quot;:&quot;classic&quot;}\">\n\t\t\t\t<div class=\"elementor-element elementor-element-54dd75d3 elementor-widget elementor-widget-heading\" data-id=\"54dd75d3\" data-element_type=\"widget\" data-e-type=\"widget\" data-widget_type=\"heading.default\">\n\t\t\t\t\t<h2 class=\"elementor-heading-title elementor-size-default\">Conditions d\u2019utilisation\n<\/h2>\t\t\t\t<\/div>\n\t\t\t\t<div class=\"elementor-element elementor-element-10ca487c elementor-widget elementor-widget-text-editor\" data-id=\"10ca487c\" data-element_type=\"widget\" data-e-type=\"widget\" data-widget_type=\"text-editor.default\">\n\t\t\t\t\t\t\t\t\t<p><b>1. INTRODUCTION<\/b><\/p><p><span style=\"font-weight: 400;\">1.1 Ces conditions g\u00e9n\u00e9rales (\u00ab Conditions \u00bb) r\u00e9gissent votre utilisation du site web des visites du Mont Saint-Michel (mont-saint-michel-tours.com) (\u00ab le Site \u00bb). En acc\u00e9dant ou en utilisant le site web, vous acceptez de respecter ces conditions. Si vous n\u2019\u00eates pas d\u2019accord avec ces conditions, veuillez ne pas utiliser le site web.  <\/span><\/p><p><span style=\"font-weight: 400;\">1.2 Le site est g\u00e9r\u00e9 par The Parisian Guide, une soci\u00e9t\u00e9 enregistr\u00e9e en France sous le num\u00e9ro d\u2019enregistrement 941 079 717 00018. Notre si\u00e8ge social est situ\u00e9 au 75 boulevard Charles Livon, 13007 Marseille, France. <\/span><\/p><p><span style=\"font-weight: 400;\">1.3 Votre utilisation du site web est \u00e9galement r\u00e9gie par notre Politique de confidentialit\u00e9 et notre Politique de cookies, que nous vous encourageons \u00e0 consulter avant d\u2019utiliser le Site.<\/span><\/p><p><span style=\"font-weight: 400;\">1.4 Ces Conditions ont \u00e9t\u00e9 mises \u00e0 jour pour la derni\u00e8re fois en avril 2025.<\/span><\/p><p><b style=\"font-family: -apple-system, BlinkMacSystemFont, 'Segoe UI', Roboto, 'Helvetica Neue', Arial, 'Noto Sans', sans-serif, 'Apple Color Emoji', 'Segoe UI Emoji', 'Segoe UI Symbol', 'Noto Color Emoji';\">2. UTILISATION DU SITE WEB<\/b><\/p><p><span style=\"font-weight: 400;\">2.1 Vous acceptez de fournir des informations exactes, actuelles et compl\u00e8tes lorsque cela est n\u00e9cessaire. Fournir des informations optionnelles n\u2019est pas obligatoire. <\/span><\/p><p><span style=\"font-weight: 400;\">2.2 Vous acceptez de ne pas :<\/span><\/p><ul><li style=\"font-weight: 400;\" aria-level=\"1\"><span style=\"font-weight: 400;\">Usurper l\u2019identit\u00e9 de quelqu\u2019un ou fournir de fausses informations ;<\/span> <\/li><li style=\"font-weight: 400;\" aria-level=\"1\"><span style=\"font-weight: 400;\">Acc\u00e8s, modification ou utilisation des donn\u00e9es sans autorisation ;<\/span> <\/li><li style=\"font-weight: 400;\" aria-level=\"1\"><span style=\"font-weight: 400;\">T\u00e9l\u00e9chargez ou partagez des documents que vous ne poss\u00e9dez pas ou sur lesquels vous n\u2019avez pas de droits ;<\/span> <\/li><li style=\"font-weight: 400;\" aria-level=\"1\"><span style=\"font-weight: 400;\">Perturber la fonctionnalit\u00e9 ou la s\u00e9curit\u00e9 du site web ;<\/span> <\/li><li style=\"font-weight: 400;\" aria-level=\"1\"><span style=\"font-weight: 400;\">Envoyer du spam ou du mat\u00e9riel marketing via le site web ;<\/span> <\/li><li style=\"font-weight: 400;\" aria-level=\"1\"><span style=\"font-weight: 400;\">Publier des contenus ill\u00e9gaux, offensants ou diffamatoires ;<\/span> <\/li><li style=\"font-weight: 400;\" aria-level=\"1\"><span style=\"font-weight: 400;\">Introduire des virus, des logiciels malveillants ou du code nuisible ;<\/span> <\/li><li style=\"font-weight: 400;\" aria-level=\"1\"><span style=\"font-weight: 400;\">D\u00e9former la propri\u00e9t\u00e9 du contenu ;<\/span> <\/li><li style=\"font-weight: 400;\" aria-level=\"1\"><span style=\"font-weight: 400;\">Utilisez le site \u00e0 des fins commerciales non autoris\u00e9es ; ou<\/span> <\/li><li style=\"font-weight: 400;\" aria-level=\"1\"><span style=\"font-weight: 400;\">Tentez de violer la s\u00e9curit\u00e9 du site web.<\/span> <\/li><\/ul><p><span style=\"font-weight: 400;\">2.3 Vous pouvez acc\u00e9der \u00e0 la page d\u2019accueil du site web si vous :<\/span><\/p><ul><li style=\"font-weight: 400;\" aria-level=\"1\"><span style=\"font-weight: 400;\">Faites-le de mani\u00e8re l\u00e9gale et \u00e9quitable sans nuire \u00e0 notre r\u00e9putation ; et<\/span> <\/li><li style=\"font-weight: 400;\" aria-level=\"1\"><span style=\"font-weight: 400;\">N\u2019impliquez aucune approbation ou affiliation sans notre permission.<\/span> <\/li><\/ul><p><span style=\"font-weight: 400;\">2.4 Nous pouvons retirer l\u2019autorisation de liaison sans pr\u00e9avis.<\/span><\/p><p><b style=\"font-family: -apple-system, BlinkMacSystemFont, 'Segoe UI', Roboto, 'Helvetica Neue', Arial, 'Noto Sans', sans-serif, 'Apple Color Emoji', 'Segoe UI Emoji', 'Segoe UI Symbol', 'Noto Color Emoji';\">3. NOS ENGAGEMENTS<\/b><\/p><p><span style=\"font-weight: 400;\">3.1 Nous visons \u00e0 maintenir un site web fiable et \u00e0 jour, mais nous ne sommes pas responsables des interruptions ou indisponibilit\u00e9s.<\/span><\/p><p><span style=\"font-weight: 400;\">3.2 Alors que nous travaillons \u00e0 garantir l\u2019exactitude des informations pr\u00e9sent\u00e9es, nous recommandons de confirmer directement les d\u00e9tails cl\u00e9s \u2014 comme les horaires d\u2019ouverture ou les prix des billets \u2014 aupr\u00e8s des lieux ou prestataires concern\u00e9s.<\/span><\/p><p><b style=\"font-family: -apple-system, BlinkMacSystemFont, 'Segoe UI', Roboto, 'Helvetica Neue', Arial, 'Noto Sans', sans-serif, 'Apple Color Emoji', 'Segoe UI Emoji', 'Segoe UI Symbol', 'Noto Color Emoji';\">4. ACC\u00c8S ET MODIFICATIONS<\/b><\/p><p><span style=\"font-weight: 400;\">4.1 Le site web peut \u00eatre indisponible occasionnellement pour des raisons de maintenance ou pour des raisons ind\u00e9pendantes de notre volont\u00e9. Nous ne sommes pas responsables d\u2019aucun temps d\u2019arr\u00eat. <\/span><\/p><p><span style=\"font-weight: 400;\">4.2 Nous pouvons :<\/span><\/p><ul><li style=\"font-weight: 400;\" aria-level=\"1\"><span style=\"font-weight: 400;\">Modifier ou supprimer certaines parties du site, avec ou sans pr\u00e9avis ;<\/span> <\/li><li style=\"font-weight: 400;\" aria-level=\"1\"><span style=\"font-weight: 400;\">Mettez \u00e0 jour ces conditions, en continuant votre utilisation indiquant votre acceptation ;<\/span> <\/li><li style=\"font-weight: 400;\" aria-level=\"1\"><span style=\"font-weight: 400;\">Surveillez l\u2019activit\u00e9 du site web et r\u00e9pondez de mani\u00e8re appropri\u00e9e aux infractions.<\/span><\/li><\/ul><p><b style=\"font-family: -apple-system, BlinkMacSystemFont, 'Segoe UI', Roboto, 'Helvetica Neue', Arial, 'Noto Sans', sans-serif, 'Apple Color Emoji', 'Segoe UI Emoji', 'Segoe UI Symbol', 'Noto Color Emoji';\">5. LIENS TIERS<\/b><\/p><p><span style=\"font-weight: 400;\">5.1 Le site web peut contenir des liens vers des sites tiers. Ces sites externes ont leurs propres conditions d\u2019utilisation et politiques de confidentialit\u00e9, que nous ne contr\u00f4lons pas. Nous ne sommes pas responsables du contenu, des pratiques ou de l\u2019exactitude de tout site web tiers.  <\/span><\/p><p><span style=\"font-weight: 400;\">5.2 Un lien vers un site web tiers n\u2019implique pas un soutien ou une association formelle sauf indication explicite.<\/span><\/p><p><span style=\"font-weight: 400;\">5.3 Certains liens sur le site sont des liens affili\u00e9s, ce qui signifie que nous pouvons toucher une commission si vous cliquez sur un lien et r\u00e9servez une visite ou effectuez un achat via un site partenaire. Cela ne vous co\u00fbte pas de frais suppl\u00e9mentaires. <\/span><\/p><p><span style=\"font-weight: 400;\">5.4 Le site web peut \u00e9galement afficher des banni\u00e8res publicitaires. Cela nous aide \u00e0 financer la cr\u00e9ation et l\u2019entretien du site, afin de pouvoir continuer \u00e0 fournir gratuitement des informations utiles sur les voyages. <\/span><\/p><p><b>6. PROPRI\u00c9T\u00c9 NTELLECTUELLE<\/b><\/p><p><span style=\"font-weight: 400;\">6.1 Tout le contenu \u2014 y compris le texte, les graphiques, les images et les logos \u2014 appartient \u00e0 The Parisian Guide ou est sous licence d\u2019au nom de The Parisian Guide. L\u2019utilisation non autoris\u00e9e est interdite. <\/span><\/p><p><span style=\"font-weight: 400;\">6.2 Vous pouvez consulter et imprimer le contenu du site web \u00e0 des fins personnelles et non commerciales.<\/span><\/p><p><span style=\"font-weight: 400;\">6.3 Vous ne pouvez pas reproduire, distribuer ou r\u00e9utiliser une partie du site sans consentement \u00e9crit.<\/span><\/p><p><span style=\"font-weight: 400;\">6.4 L\u2019utilisation de notre contenu pour entra\u00eener des syst\u00e8mes d\u2019IA ou des mod\u00e8les d\u2019apprentissage automatique n\u2019est pas autoris\u00e9e sans autorisation \u00e9crite pr\u00e9alable.<\/span><\/p><p><span style=\"font-weight: 400;\">6.5 Vous \u00eates responsable de respecter toutes les lois applicables dans votre juridiction lors de l\u2019acc\u00e8s au site web.<\/span><\/p><p><b style=\"font-family: -apple-system, BlinkMacSystemFont, 'Segoe UI', Roboto, 'Helvetica Neue', Arial, 'Noto Sans', sans-serif, 'Apple Color Emoji', 'Segoe UI Emoji', 'Segoe UI Symbol', 'Noto Color Emoji';\">7. UTILISATION DES IMAGES<\/b><\/p><p><span style=\"font-weight: 400;\">7.1 Toutes les images sont soit \u00e0 notre appartenance, soit utilis\u00e9es avec permission. La r\u00e9utilisation sans autorisation est interdite et peut entra\u00eener des poursuites judiciaires. <\/span><\/p><p><b style=\"font-family: -apple-system, BlinkMacSystemFont, 'Segoe UI', Roboto, 'Helvetica Neue', Arial, 'Noto Sans', sans-serif, 'Apple Color Emoji', 'Segoe UI Emoji', 'Segoe UI Symbol', 'Noto Color Emoji';\">8. INTERDICTION DU SCRAPING DE DONN\u00c9ES PAR IA<\/b><\/p><p><span style=\"font-weight: 400;\">8.1 Le pr\u00e9l\u00e8vement ou la collecte de donn\u00e9es du site web pour une utilisation dans la formation en IA, l\u2019apprentissage automatique ou des usages similaires est strictement interdit et peut entra\u00eener des poursuites judiciaires.<\/span><\/p><p><b style=\"font-family: -apple-system, BlinkMacSystemFont, 'Segoe UI', Roboto, 'Helvetica Neue', Arial, 'Noto Sans', sans-serif, 'Apple Color Emoji', 'Segoe UI Emoji', 'Segoe UI Symbol', 'Noto Color Emoji';\">9. LIMITATION DE RESPONSABILIT\u00c9<\/b><\/p><p><span style=\"font-weight: 400;\">9.1 L\u2019utilisation du site web est \u00e0 vos risques et p\u00e9rils.<\/span><\/p><p><span style=\"font-weight: 400;\">9.2 Le site web est fourni \u00ab tel quel \u00bb. Nous ne garantissons aucune fiabilit\u00e9, disponibilit\u00e9 ou exactitude. <\/span><\/p><p><span style=\"font-weight: 400;\">9.3 Nous ne sommes pas responsables des dommages r\u00e9sultant de votre utilisation du site web, sauf si la loi l\u2019exige.<\/span><\/p><p><span style=\"font-weight: 400;\">9.4 Si notre contenu num\u00e9rique endommage votre appareil en raison de notre n\u00e9gligence, nous r\u00e9parerons les d\u00e9g\u00e2ts ou vous indemniserons.<\/span><\/p><p><span style=\"font-weight: 400;\">9.5 Si vous n\u2019\u00eates pas satisfait du site web ou de ces conditions, votre seule option est d\u2019arr\u00eater de l\u2019utiliser.<\/span><\/p><p><span style=\"font-weight: 400;\">9.6 Nous n\u2019excluons pas la responsabilit\u00e9 en cas de d\u00e9c\u00e8s ou de blessure corporelle caus\u00e9e par n\u00e9gligence, ou d\u2019autres cas o\u00f9 l\u2019exclusion n\u2019est pas l\u00e9gale.<\/span><\/p><p><span style=\"font-weight: 400;\">9.7 Nous nous r\u00e9servons le droit de retirer du contenu du site sans pr\u00e9avis.<\/span><\/p><p><b style=\"font-family: -apple-system, BlinkMacSystemFont, 'Segoe UI', Roboto, 'Helvetica Neue', Arial, 'Noto Sans', sans-serif, 'Apple Color Emoji', 'Segoe UI Emoji', 'Segoe UI Symbol', 'Noto Color Emoji';\">10. INDEMNIT\u00c9<\/b><\/p><p><span style=\"font-weight: 400;\">10.1 Vous acceptez de ne pas utiliser le site \u00e0 des fins illicites.<\/span><\/p><p><span style=\"font-weight: 400;\">10.2 Vous acceptez de nous indemniser pour toute perte r\u00e9sultant de votre violation de ces Termes.<\/span><\/p><p><b style=\"font-family: -apple-system, BlinkMacSystemFont, 'Segoe UI', Roboto, 'Helvetica Neue', Arial, 'Noto Sans', sans-serif, 'Apple Color Emoji', 'Segoe UI Emoji', 'Segoe UI Symbol', 'Noto Color Emoji';\">11. LICENCIEMENT<\/b><\/p><p><span style=\"font-weight: 400;\">Nous pouvons restreindre ou mettre fin \u00e0 votre acc\u00e8s au site sans pr\u00e9avis si :<\/span><\/p><ul><li style=\"font-weight: 400;\" aria-level=\"1\"><span style=\"font-weight: 400;\">Des modifications l\u00e9gales ou r\u00e9glementaires affectent notre capacit\u00e9 \u00e0 exploiter le site web ;<\/span> <\/li><li style=\"font-weight: 400;\" aria-level=\"1\"><span style=\"font-weight: 400;\">Les \u00e9v\u00e9nements hors de notre contr\u00f4le limitent l\u2019acc\u00e8s ; ou<\/span> <\/li><li style=\"font-weight: 400;\" aria-level=\"1\"><span style=\"font-weight: 400;\">Vous enfreignez ces Conditions ou utilisez mal le site web.<\/span><\/li><\/ul><p><b style=\"font-family: -apple-system, BlinkMacSystemFont, 'Segoe UI', Roboto, 'Helvetica Neue', Arial, 'Noto Sans', sans-serif, 'Apple Color Emoji', 'Segoe UI Emoji', 'Segoe UI Symbol', 'Noto Color Emoji';\">12. G\u00c9N\u00c9RAL<\/b><\/p><p><span style=\"font-weight: 400;\">12.1 Notre non-respect d\u2019une quelconque partie de ces Conditions ne renie pas notre droit de les appliquer ult\u00e9rieurement.<\/span><\/p><p><span style=\"font-weight: 400;\">12.2 Ces Conditions ne conf\u00e8rent aucun droit \u00e0 des tiers.<\/span><\/p><p><span style=\"font-weight: 400;\">12.3 Si une partie de ces Conditions est jug\u00e9e ill\u00e9gale ou inapplicable, le reste reste valide.<\/span><\/p><p><span style=\"font-weight: 400;\">12.4 Ces Conditions, ainsi que notre Politique de confidentialit\u00e9 et notre Politique de Cookies, constituent l\u2019accord complet entre vous et The Parisian Guide.<\/span><\/p><p><span style=\"font-weight: 400;\">12.5 Les communications officielles peuvent \u00eatre envoy\u00e9es aux coordonn\u00e9es que vous fournissez ou \u00e0 nous au hello@theparisianguide.com.<\/span><\/p><p><span style=\"font-weight: 400;\">12.6 Ces Conditions sont r\u00e9gies par la loi fran\u00e7aise. Tout litige est relevant de la comp\u00e9tence exclusive des tribunaux fran\u00e7ais. <\/span><\/p><p><b>Contactez-nous<\/b><\/p><p><span style=\"font-weight: 400;\">Pour toute question concernant ces Conditions, contactez-nous \u00e0 hello@theparisianguide.com.<\/span><\/p><p><b>Avis de confidentialit\u00e9 et politique de cookies<\/b><\/p><p><span style=\"font-weight: 400;\">Veuillez consulter notre Avis de confidentialit\u00e9 et notre Politique relative aux cookies pour comprendre comment nous traitons vos donn\u00e9es personnelles.<\/span><\/p><p><b>Modifications de ces conditions<\/b><\/p><p><span style=\"font-weight: 400;\">Nous pouvons mettre \u00e0 jour ces Conditions de temps \u00e0 autre. La version la plus r\u00e9cente sera toujours disponible sur le site web. L\u2019utilisation continue indique que vous acceptez les Conditions mises \u00e0 jour.  <\/span><\/p><p><b>Date d\u2019entr\u00e9e en vigueur<\/b><\/p><p><span style=\"font-weight: 400;\">Ces Conditions sont en vigueur \u00e0 partir d\u2019avril 2025.<\/span><\/p>\t\t\t\t\t\t\t\t<\/div>\n\t\t\t\t<\/div>\n\t\t\t\t\t<\/div>\n\t\t\t\t<\/div>\n\t\t<div class=\"elementor-element elementor-element-3f2fffcf e-flex e-con-boxed e-con e-parent\" data-id=\"3f2fffcf\" data-element_type=\"container\" data-e-type=\"container\">\n\t\t\t\t\t<div class=\"e-con-inner\">\n\t\t\t\t<div class=\"elementor-element elementor-element-3dcc567f elementor-widget elementor-widget-shortcode\" data-id=\"3dcc567f\" data-element_type=\"widget\" data-e-type=\"widget\" data-widget_type=\"shortcode.default\">\n\t\t\t\t\t\t\t<div class=\"elementor-shortcode\"><nav aria-label=\"breadcrumbs\" class=\"rank-math-breadcrumb\"><p><span class=\"last\">Home<\/span><\/p><\/nav><\/div>\n\t\t\t\t\t\t<\/div>\n\t\t\t\t\t<\/div>\n\t\t\t\t<\/div>\n\t\t<div class=\"elementor-element elementor-element-10c8b4fd e-flex e-con-boxed e-con e-parent\" data-id=\"10c8b4fd\" data-element_type=\"container\" data-e-type=\"container\">\n\t\t\t\t\t<div class=\"e-con-inner\">\n\t\t<div class=\"elementor-element elementor-element-23558d61 e-con-full e-flex e-con e-child\" data-id=\"23558d61\" data-element_type=\"container\" data-e-type=\"container\" data-settings=\"{&quot;background_background&quot;:&quot;classic&quot;}\">\n\t\t\t\t<div class=\"elementor-element elementor-element-6d6f37ed elementor-widget elementor-widget-heading\" data-id=\"6d6f37ed\" data-element_type=\"widget\" data-e-type=\"widget\" data-widget_type=\"heading.default\">\n\t\t\t\t\t<h2 class=\"elementor-heading-title elementor-size-default\">Politique des cookies\n<\/h2>\t\t\t\t<\/div>\n\t\t\t\t<div class=\"elementor-element elementor-element-2de775ae elementor-widget elementor-widget-text-editor\" data-id=\"2de775ae\" data-element_type=\"widget\" data-e-type=\"widget\" data-widget_type=\"text-editor.default\">\n\t\t\t\t\t\t\t\t\t<p><span style=\"font-weight: 400;\">Giverny Tours depuis Paris (\u00ab le Site \u00bb) utilise des cookies pour am\u00e9liorer votre exp\u00e9rience lors de vos visites givernytoursfromparis.com. Cette politique de cookies explique ce que sont les cookies, comment nous les utilisons et comment vous pouvez les contr\u00f4ler. <\/span><\/p><p><span style=\"font-weight: 400;\">En utilisant le site web, vous acceptez notre utilisation des cookies tels que d\u00e9crits dans cette politique. Si vous n\u2019\u00eates pas d\u2019accord, vous pouvez g\u00e9rer vos pr\u00e9f\u00e9rences de cookies via les param\u00e8tres de votre navigateur ou notre outil de consentement aux cookies. <\/span><\/p><p><span style=\"font-weight: 400;\">Cette politique de cookies doit \u00eatre lue en m\u00eame temps que notre Politique de confidentialit\u00e9 et nos Conditions d\u2019utilisation.<\/span><\/p><p><b>Qu\u2019est-ce qu\u2019un cookie ?<\/b><\/p><p><span style=\"font-weight: 400;\">Un cookie est un petit fichier de donn\u00e9es plac\u00e9 sur votre appareil par un site web. Cela permet au site de reconna\u00eetre votre appareil et de se souvenir de certaines informations sur votre visite \u2014 comme vos pr\u00e9f\u00e9rences, vos identifiants ou les pages que vous avez visit\u00e9es. <\/span><\/p><p><span style=\"font-weight: 400;\">Les cookies aident \u00e0 am\u00e9liorer la fonctionnalit\u00e9 du site, \u00e0 enrichir votre exp\u00e9rience et \u00e0 fournir des informations sur l\u2019utilisation de notre site. Ils supportent \u00e9galement la publicit\u00e9 et la personnalisation du contenu en fonction de votre comportement de navigation. <\/span><\/p><p><b>Comment g\u00e9rer les cookies<\/b><\/p><p><span style=\"font-weight: 400;\">Vous pouvez activer, d\u00e9sactiver ou supprimer les cookies via les param\u00e8tres de votre navigateur. Chaque navigateur est diff\u00e9rent, alors v\u00e9rifiez la section \u00ab Aide \u00bb, \u00ab Outils \u00bb ou \u00ab Param\u00e8tres \u00bb pour les instructions. <\/span><\/p><p><span style=\"font-weight: 400;\">Veuillez noter : d\u00e9sactiver certains cookies peut affecter la fonctionnalit\u00e9 du site web.<\/span><\/p><p><span style=\"font-weight: 400;\">Vous pouvez \u00e9galement g\u00e9rer les cookies via notre outil de consentement aux cookies sur place, qui vous permet de personnaliser vos pr\u00e9f\u00e9rences \u00e0 tout moment.<\/span><\/p><p><b>Quels cookies utilisons-nous ?<\/b><\/p><p><span style=\"font-weight: 400;\">Les cookies utilis\u00e9s sur givernytoursfromparis.com se r\u00e9partissent dans les cat\u00e9gories suivantes :<\/span><\/p><h4><b>1. Cookies essentiels<\/b><\/h4><p><span style=\"font-weight: 400;\">Ces \u00e9l\u00e9ments sont n\u00e9cessaires pour des fonctionnalit\u00e9s de base \u2014 comme la navigation des pages, la s\u00e9curisation de l\u2019acc\u00e8s aux zones prot\u00e9g\u00e9es et le traitement des soumissions de formulaires. Ils ne peuvent pas \u00eatre d\u00e9sactiv\u00e9s dans nos syst\u00e8mes. <\/span><\/p><h4><b>2. Cookies analytiques<\/b><\/h4><p><span style=\"font-weight: 400;\">Cela nous aide \u00e0 comprendre comment les visiteurs interagissent avec le site web. Nous utilisons Google Analytics pour collecter des donn\u00e9es telles que les visites de pages, le temps pass\u00e9 sur les pages et les rapports d\u2019erreurs. Les donn\u00e9es collect\u00e9es peuvent \u00eatre li\u00e9es \u00e0 votre adresse IP ou \u00e0 votre navigateur. Vous pouvez vous d\u00e9sinscrire en utilisant notre outil de consentement aux cookies ou en installant l\u2019extension Google Analytics pour le navigateur.   <\/span><\/p><h4><b>3. Cookies de personnalisation<\/b><\/h4><p><span style=\"font-weight: 400;\">Ces \u00e9l\u00e9ments tiennent compte de vos pr\u00e9f\u00e9rences \u2014 comme la langue ou la r\u00e9gion \u2014 et nous aident \u00e0 personnaliser votre exp\u00e9rience. Ils prennent aussi en charge des fonctionnalit\u00e9s comme la m\u00e9moire des interactions pr\u00e9c\u00e9dentes ou des param\u00e8tres sauvegard\u00e9s. <\/span><\/p><h4><b>4. Cookies publicitaires<\/b><\/h4><p><span style=\"font-weight: 400;\">Ils suivent votre activit\u00e9 de navigation pour afficher des publicit\u00e9s plus pertinentes \u00e0 vos centres d\u2019int\u00e9r\u00eat, aussi bien sur notre site web qu\u2019en dehors. Ils peuvent \u00eatre d\u00e9finis par des partenaires publicitaires et utilis\u00e9s pour cr\u00e9er un profil de vos centres d\u2019int\u00e9r\u00eat. Vous pouvez g\u00e9rer ces cookies via notre outil de consentement aux cookies.  <\/span><\/p><h4><b>5. Cookies sur les r\u00e9seaux sociaux<\/b><\/h4><p><span style=\"font-weight: 400;\">Nous utilisons des plugins de r\u00e9seaux sociaux qui peuvent placer des cookies lorsque vous interagissez avec des plateformes comme Facebook, Instagram ou Pinterest. Ces cookies vous reconnaissent si vous \u00eates connect\u00e9 et permettent le partage de contenu. <\/span><\/p><h4><b>6. Cookies tiers<\/b><\/h4><p><span style=\"font-weight: 400;\">Certains contenus ou fonctionnalit\u00e9s peuvent \u00eatre fournis par des tiers, tels que des lecteurs vid\u00e9o, des fournisseurs d\u2019analyses ou des r\u00e9seaux publicitaires. Ces tiers peuvent utiliser leurs propres cookies, qui \u00e9chappent \u00e0 notre contr\u00f4le. <\/span><\/p><p><b>Des cookies se d\u00e9roulant dans le pass\u00e9<\/b><\/p><p><span style=\"font-weight: 400;\">Si vous d\u00e9sactivez les cookies, nous pourrions toujours utiliser les donn\u00e9es collect\u00e9es avant que vos param\u00e8tres ne soient modifi\u00e9s \u2014 mais nous n\u2019utiliserons plus les cookies d\u00e9sactiv\u00e9s pour recueillir de nouvelles informations.<\/span><\/p><p><b>Expiration<\/b><\/p><p><span style=\"font-weight: 400;\">La plupart des cookies que nous utilisons expirent dans les 30 jours. Certains peuvent rester jusqu\u2019\u00e0 trois ans, selon leur destination. <\/span><\/p><p><b>Contact<\/b><\/p><p><span style=\"font-weight: 400;\">Si vous souhaitez que nous supprimions toutes les informations connues que nous aurions pu collecter via des cookies, veuillez nous contacter \u00e0 <\/span><a href=\"mailto:hello@theparisianguide.com\"><span style=\"font-weight: 400;\">hello@theparisianguide.com<\/span><\/a><span style=\"font-weight: 400;\">.<\/span><\/p><p><b>Derni\u00e8re mise \u00e0 jour<\/b><\/p><p><span style=\"font-weight: 400;\">Cette politique sur les cookies a \u00e9t\u00e9 mise \u00e0 jour pour la derni\u00e8re fois en <\/span><b>avril 2025<\/b><span style=\"font-weight: 400;\">.<\/span><\/p>\t\t\t\t\t\t\t\t<\/div>\n\t\t\t\t<\/div>\n\t\t\t\t\t<\/div>\n\t\t\t\t<\/div>\n\t\t\t\t<\/div>\n\t\t","protected":false},"excerpt":{"rendered":"<p>Conditions d\u2019utilisation 1. INTRODUCTION 1.1 Ces conditions g\u00e9n\u00e9rales (\u00ab Conditions \u00bb) r\u00e9gissent votre utilisation du site web des visites du Mont Saint-Michel (mont-saint-michel-tours.com) (\u00ab le Site \u00bb). En acc\u00e9dant ou en utilisant le site web, vous acceptez de respecter ces conditions. Si vous n\u2019\u00eates pas d\u2019accord avec ces conditions, veuillez ne pas utiliser le site [&hellip;]<\/p>\n","protected":false},"author":1,"featured_media":0,"parent":0,"menu_order":0,"comment_status":"closed","ping_status":"closed","template":"elementor_header_footer","meta":{"_acf_changed":false,"footnotes":""},"class_list":["post-1806","page","type-page","status-publish","hentry"],"acf":[],"_links":{"self":[{"href":"https:\/\/mont-saint-michel-tours.com\/fr\/wp-json\/wp\/v2\/pages\/1806","targetHints":{"allow":["GET"]}}],"collection":[{"href":"https:\/\/mont-saint-michel-tours.com\/fr\/wp-json\/wp\/v2\/pages"}],"about":[{"href":"https:\/\/mont-saint-michel-tours.com\/fr\/wp-json\/wp\/v2\/types\/page"}],"author":[{"embeddable":true,"href":"https:\/\/mont-saint-michel-tours.com\/fr\/wp-json\/wp\/v2\/users\/1"}],"replies":[{"embeddable":true,"href":"https:\/\/mont-saint-michel-tours.com\/fr\/wp-json\/wp\/v2\/comments?post=1806"}],"version-history":[{"count":2,"href":"https:\/\/mont-saint-michel-tours.com\/fr\/wp-json\/wp\/v2\/pages\/1806\/revisions"}],"predecessor-version":[{"id":1810,"href":"https:\/\/mont-saint-michel-tours.com\/fr\/wp-json\/wp\/v2\/pages\/1806\/revisions\/1810"}],"wp:attachment":[{"href":"https:\/\/mont-saint-michel-tours.com\/fr\/wp-json\/wp\/v2\/media?parent=1806"}],"curies":[{"name":"wp","href":"https:\/\/api.w.org\/{rel}","templated":true}]}}